{"id":55206,"date":"2022-01-28T19:31:33","date_gmt":"2022-01-28T18:31:33","guid":{"rendered":"https:\/\/barcelonaflightschool.com\/?page_id=55206"},"modified":"2022-01-28T19:33:32","modified_gmt":"2022-01-28T18:33:32","slug":"ultimas-noticias","status":"publish","type":"page","link":"https:\/\/staging.barcelonaflightschool.com\/es\/ultimas-noticias\/","title":{"rendered":"\u00daltimas Noticias"},"content":{"rendered":"<section class=\"wpb-content-wrapper\"><p>[vc_row][vc_column]<div class=\"blog-shortcode blog-masonry-shortcode-id-086d0d945edc7c295236c2bc83d37231 mode-masonry classic-layout-list content-bg-on jquery-filter circle-fancy-style scale-img dt-icon-bg-off resize-by-browser-width loading-effect-none description-under-image \" data-padding=\"15px\" data-cur-page=\"1\" data-post-limit=\"-1\" data-pagination-mode=\"none\" data-desktop-columns-num=\"3\" data-v-tablet-columns-num=\"2\" data-h-tablet-columns-num=\"3\" data-phone-columns-num=\"1\" data-width=\"0px\" data-columns=\"0\"><div class=\"iso-filter extras-off filter\"><div class=\"filter-categories\" data-default-order=\"desc\" data-default-orderby=\"date\"><a href=\"https:\/\/staging.barcelonaflightschool.com\/es\/ultimas-noticias\/\" class=\"show-all act\" data-filter=\"*\">Ver todo<\/a><a href=\"https:\/\/staging.barcelonaflightschool.com\/es\/ultimas-noticias\/?term=2\" class=\"sin-categorizar\" data-filter=\".category-2\">Sin categorizar<\/a><a href=\"https:\/\/staging.barcelonaflightschool.com\/es\/ultimas-noticias\/?term=147\" class=\"cursos-entrenamiento-es\" data-filter=\".category-147\">Cursos \/ Entrenamiento<\/a><a href=\"https:\/\/staging.barcelonaflightschool.com\/es\/ultimas-noticias\/?term=148\" class=\"flota\" data-filter=\".category-148\">Flota<\/a><a href=\"https:\/\/staging.barcelonaflightschool.com\/es\/ultimas-noticias\/?term=151\" class=\"entrenamiento\" data-filter=\".category-151\">Entrenamiento<\/a><\/div><\/div><div class=\"iso-container\" ><div class=\"visible wf-cell iso-item category-147\" data-post-id=\"56329\" data-date=\"2022-06-08T14:18:07+01:00\" data-name=\"NUEVO SIMULADOR FNPT II - DISPONIBLE MUY PRONTO\"><article class=\"post project-odd visible post-56329 type-post status-publish format-standard has-post-thumbnail hentry category-cursos-entrenamiento-es category-147\" data-name=\"NUEVO SIMULADOR FNPT II &#8211; DISPONIBLE MUY PRONTO\" data-date=\"2022-06-08T14:18:07+01:00\">\n\n<div class=\"post-thumbnail-wrap\">\n\t<div class=\"post-thumbnail\">\n\t\t\n\t\t\n\t\t<a href=\"https:\/\/staging.barcelonaflightschool.com\/es\/2022\/06\/08\/nuevo-simulador-fnpt-ii-disponible-muy-pronto\/\" class=\"post-thumbnail-rollover layzr-bg layzr-bg\" ><img class=\"iso-lazy-load preload-me iso-lazy-load\" src=\"data:image\/svg+xml,%3Csvg%20xmlns%3D&#39;http%3A%2F%2Fwww.w3.org%2F2000%2Fsvg&#39;%20viewBox%3D&#39;0%200%20768%20512&#39;%2F%3E\" data-src=\"https:\/\/staging.barcelonaflightschool.com\/wp-content\/uploads\/2015\/07\/10270293_10152403303898958_3228246114891567888_n-768x512.jpg\" data-srcset=\"https:\/\/staging.barcelonaflightschool.com\/wp-content\/uploads\/2015\/07\/10270293_10152403303898958_3228246114891567888_n-768x512.jpg 768w, https:\/\/staging.barcelonaflightschool.com\/wp-content\/uploads\/2015\/07\/10270293_10152403303898958_3228246114891567888_n-810x540.jpg 810w\" alt=\"\" title=\"10270293_10152403303898958_3228246114891567888_n\" width=\"768\" height=\"512\"  \/><\/a>\t<\/div>\n<\/div>\n\n\n<div class=\"post-entry-content\">\n\n\t<h3 class=\"entry-title\">\n\t\t<a href=\"https:\/\/staging.barcelonaflightschool.com\/es\/2022\/06\/08\/nuevo-simulador-fnpt-ii-disponible-muy-pronto\/\" title=\"NUEVO SIMULADOR FNPT II &#8211; DISPONIBLE MUY PRONTO\" rel=\"bookmark\">NUEVO SIMULADOR FNPT II &#8211; DISPONIBLE MUY PRONTO<\/a>\n\t<\/h3>\n\n\t<div class=\"entry-meta\"><span class=\"category-link\"><a href=\"https:\/\/staging.barcelonaflightschool.com\/es\/category\/cursos-entrenamiento-es\/\" >Cursos \/ Entrenamiento<\/a><\/span><a href=\"https:\/\/staging.barcelonaflightschool.com\/es\/2022\/06\/08\/\" title=\"2:18 pm\" class=\"data-link\" rel=\"bookmark\"><time class=\"entry-date updated\" datetime=\"2022-06-08T14:18:07+01:00\">junio 8, 2022<\/time><\/a><\/div>\n\t<div class=\"entry-excerpt\"><p>Un nuevo FNPT II de TECNAM P2006T y CESSNA 172N Single y Multi Engine Estar\u00e1 disponible muy pronto.<\/p>\n<\/div>\n\t\n<a href=\"https:\/\/staging.barcelonaflightschool.com\/es\/2022\/06\/08\/nuevo-simulador-fnpt-ii-disponible-muy-pronto\/\" class=\"post-details details-type-link\" aria-label=\"Read more about NUEVO SIMULADOR FNPT II &#8211; DISPONIBLE MUY PRONTO\">Read more<i class=\"dt-icon-the7-arrow-03\" aria-hidden=\"true\"><\/i><\/a>\n\n<\/div><\/article><\/div><div class=\"visible wf-cell iso-item category-147 category-148\" data-post-id=\"56327\" data-date=\"2022-06-08T14:14:53+01:00\" data-name=\"SIMULADOR B737-800 NG\"><article class=\"post project-odd visible post-56327 type-post status-publish format-standard has-post-thumbnail hentry category-cursos-entrenamiento-es category-flota category-147 category-148\" data-name=\"SIMULADOR B737-800 NG\" data-date=\"2022-06-08T14:14:53+01:00\">\n\n<div class=\"post-thumbnail-wrap\">\n\t<div class=\"post-thumbnail\">\n\t\t\n\t\t\n\t\t<a href=\"https:\/\/staging.barcelonaflightschool.com\/es\/2022\/06\/08\/simulador-b737-800-ng\/\" class=\"post-thumbnail-rollover layzr-bg layzr-bg\" ><img class=\"iso-lazy-load preload-me iso-lazy-load\" src=\"data:image\/svg+xml,%3Csvg%20xmlns%3D&#39;http%3A%2F%2Fwww.w3.org%2F2000%2Fsvg&#39;%20viewBox%3D&#39;0%200%20720%20480&#39;%2F%3E\" data-src=\"https:\/\/staging.barcelonaflightschool.com\/wp-content\/uploads\/2020\/12\/Simulador-Boeing737-800ng-720x480.jpg\" data-srcset=\"https:\/\/staging.barcelonaflightschool.com\/wp-content\/uploads\/2020\/12\/Simulador-Boeing737-800ng-720x480.jpg 720w\" alt=\"\" title=\"Simulador Boeing737-800ng\" width=\"720\" height=\"480\"  \/><\/a>\t<\/div>\n<\/div>\n\n\n<div class=\"post-entry-content\">\n\n\t<h3 class=\"entry-title\">\n\t\t<a href=\"https:\/\/staging.barcelonaflightschool.com\/es\/2022\/06\/08\/simulador-b737-800-ng\/\" title=\"SIMULADOR B737-800 NG\" rel=\"bookmark\">SIMULADOR B737-800 NG<\/a>\n\t<\/h3>\n\n\t<div class=\"entry-meta\"><span class=\"category-link\"><a href=\"https:\/\/staging.barcelonaflightschool.com\/es\/category\/cursos-entrenamiento-es\/\" >Cursos \/ Entrenamiento<\/a>, <a href=\"https:\/\/staging.barcelonaflightschool.com\/es\/category\/flota\/\" >Flota<\/a><\/span><a href=\"https:\/\/staging.barcelonaflightschool.com\/es\/2022\/06\/08\/\" title=\"2:14 pm\" class=\"data-link\" rel=\"bookmark\"><time class=\"entry-date updated\" datetime=\"2022-06-08T14:14:53+01:00\">junio 8, 2022<\/time><\/a><\/div>\n\t<div class=\"entry-excerpt\"><p>Nuestro simulador 737-800 NG est\u00e1 dise\u00f1ado para copiar el funcionamiento y desempe\u00f1o de uno de los aviones m\u00e1s utilizados por las compa\u00f1\u00edas a\u00e9reas. El avi\u00f3n Boeing 737-800. Y permitir a los pilotos realizar el entrenamiento necesario para pilotar aeronaves con tripulaciones compuestas por m\u00e1s de un piloto y donde se deban tener en cuenta aspectos&hellip;<\/p>\n<\/div>\n\t\n<a href=\"https:\/\/staging.barcelonaflightschool.com\/es\/2022\/06\/08\/simulador-b737-800-ng\/\" class=\"post-details details-type-link\" aria-label=\"Read more about SIMULADOR B737-800 NG\">Read more<i class=\"dt-icon-the7-arrow-03\" aria-hidden=\"true\"><\/i><\/a>\n\n<\/div><\/article><\/div><div class=\"visible wf-cell iso-item category-147 category-151\" data-post-id=\"56321\" data-date=\"2022-06-08T14:10:33+01:00\" data-name=\"CONVOCATORIAS EXAMENES OFICIALES AESA\"><article class=\"post project-odd visible post-56321 type-post status-publish format-standard has-post-thumbnail hentry category-cursos-entrenamiento-es category-entrenamiento category-147 category-151\" data-name=\"CONVOCATORIAS EXAMENES OFICIALES AESA\" data-date=\"2022-06-08T14:10:33+01:00\">\n\n<div class=\"post-thumbnail-wrap\">\n\t<div class=\"post-thumbnail\">\n\t\t\n\t\t\n\t\t<a href=\"https:\/\/staging.barcelonaflightschool.com\/es\/2022\/06\/08\/convocatorias-examenes-oficiales-aesa\/\" class=\"post-thumbnail-rollover layzr-bg layzr-bg\" ><img class=\"iso-lazy-load preload-me iso-lazy-load\" src=\"data:image\/svg+xml,%3Csvg%20xmlns%3D&#39;http%3A%2F%2Fwww.w3.org%2F2000%2Fsvg&#39;%20viewBox%3D&#39;0%200%20720%20480&#39;%2F%3E\" data-src=\"https:\/\/staging.barcelonaflightschool.com\/wp-content\/uploads\/2020\/12\/Aula-Examens-07-720x480.jpg\" data-srcset=\"https:\/\/staging.barcelonaflightschool.com\/wp-content\/uploads\/2020\/12\/Aula-Examens-07-720x480.jpg 720w\" alt=\"\" title=\"Aula Examens 07\" width=\"720\" height=\"480\"  \/><\/a>\t<\/div>\n<\/div>\n\n\n<div class=\"post-entry-content\">\n\n\t<h3 class=\"entry-title\">\n\t\t<a href=\"https:\/\/staging.barcelonaflightschool.com\/es\/2022\/06\/08\/convocatorias-examenes-oficiales-aesa\/\" title=\"CONVOCATORIAS EXAMENES OFICIALES AESA\" rel=\"bookmark\">CONVOCATORIAS EXAMENES OFICIALES AESA<\/a>\n\t<\/h3>\n\n\t<div class=\"entry-meta\"><span class=\"category-link\"><a href=\"https:\/\/staging.barcelonaflightschool.com\/es\/category\/cursos-entrenamiento-es\/\" >Cursos \/ Entrenamiento<\/a>, <a href=\"https:\/\/staging.barcelonaflightschool.com\/es\/category\/entrenamiento\/\" >Entrenamiento<\/a><\/span><a href=\"https:\/\/staging.barcelonaflightschool.com\/es\/2022\/06\/08\/\" title=\"2:10 pm\" class=\"data-link\" rel=\"bookmark\"><time class=\"entry-date updated\" datetime=\"2022-06-08T14:10:33+01:00\">junio 8, 2022<\/time><\/a><\/div>\n\t<div class=\"entry-excerpt\"><p>Estamos autorizados a realizar Ex\u00e1menes Oficiales AESA en nuestras instalaciones. 1 \u2013 2022 Enero: 17 a 28 2 \u2013 2022 Abril: 19 al 29 3 \u2013 2022 Julio: 11 al 22 4 \u2013 2022 Octubre: 17 al 28<\/p>\n<\/div>\n\t\n<a href=\"https:\/\/staging.barcelonaflightschool.com\/es\/2022\/06\/08\/convocatorias-examenes-oficiales-aesa\/\" class=\"post-details details-type-link\" aria-label=\"Read more about CONVOCATORIAS EXAMENES OFICIALES AESA\">Read more<i class=\"dt-icon-the7-arrow-03\" aria-hidden=\"true\"><\/i><\/a>\n\n<\/div><\/article><\/div><div class=\"visible wf-cell iso-item category-147 category-151\" data-post-id=\"56317\" data-date=\"2022-06-08T14:07:48+01:00\" data-name=\"CURSO DE PREPARACION ACCESO AEROLINEA\"><article class=\"post project-odd visible post-56317 type-post status-publish format-standard has-post-thumbnail hentry category-cursos-entrenamiento-es category-entrenamiento category-147 category-151\" data-name=\"CURSO DE PREPARACION ACCESO AEROLINEA\" data-date=\"2022-06-08T14:07:48+01:00\">\n\n<div class=\"post-thumbnail-wrap\">\n\t<div class=\"post-thumbnail\">\n\t\t\n\t\t\n\t\t<a href=\"https:\/\/staging.barcelonaflightschool.com\/es\/2022\/06\/08\/curso-de-preparacion-acceso-aerolinea\/\" class=\"post-thumbnail-rollover layzr-bg layzr-bg\" ><img class=\"iso-lazy-load preload-me iso-lazy-load\" src=\"data:image\/svg+xml,%3Csvg%20xmlns%3D&#39;http%3A%2F%2Fwww.w3.org%2F2000%2Fsvg&#39;%20viewBox%3D&#39;0%200%20675%20450&#39;%2F%3E\" data-src=\"https:\/\/staging.barcelonaflightschool.com\/wp-content\/uploads\/2021\/09\/curso_aereas-675x450.jpg\" data-srcset=\"https:\/\/staging.barcelonaflightschool.com\/wp-content\/uploads\/2021\/09\/curso_aereas-675x450.jpg 675w, https:\/\/staging.barcelonaflightschool.com\/wp-content\/uploads\/2021\/09\/curso_aereas-675x449.jpg 675w\" alt=\"\" title=\"curso_aereas\" width=\"675\" height=\"450\"  \/><\/a>\t<\/div>\n<\/div>\n\n\n<div class=\"post-entry-content\">\n\n\t<h3 class=\"entry-title\">\n\t\t<a href=\"https:\/\/staging.barcelonaflightschool.com\/es\/2022\/06\/08\/curso-de-preparacion-acceso-aerolinea\/\" title=\"CURSO DE PREPARACION ACCESO AEROLINEA\" rel=\"bookmark\">CURSO DE PREPARACION ACCESO AEROLINEA<\/a>\n\t<\/h3>\n\n\t<div class=\"entry-meta\"><span class=\"category-link\"><a href=\"https:\/\/staging.barcelonaflightschool.com\/es\/category\/cursos-entrenamiento-es\/\" >Cursos \/ Entrenamiento<\/a>, <a href=\"https:\/\/staging.barcelonaflightschool.com\/es\/category\/entrenamiento\/\" >Entrenamiento<\/a><\/span><a href=\"https:\/\/staging.barcelonaflightschool.com\/es\/2022\/06\/08\/\" title=\"2:07 pm\" class=\"data-link\" rel=\"bookmark\"><time class=\"entry-date updated\" datetime=\"2022-06-08T14:07:48+01:00\">junio 8, 2022<\/time><\/a><\/div>\n\t<div class=\"entry-excerpt\"><p>Compa\u00f1ias como Ryanair, Swit Air, Swiss Air, entre otras han comenzado a reclutar pilotos para sus empresas Este curso te dar\u00e1 la posibilidad de afrontar con \u00e9xito entrevistas y acceder a las compa\u00f1ias mas importantes del sector &nbsp; &nbsp; &nbsp;<\/p>\n<\/div>\n\t\n<a href=\"https:\/\/staging.barcelonaflightschool.com\/es\/2022\/06\/08\/curso-de-preparacion-acceso-aerolinea\/\" class=\"post-details details-type-link\" aria-label=\"Read more about CURSO DE PREPARACION ACCESO AEROLINEA\">Read more<i class=\"dt-icon-the7-arrow-03\" aria-hidden=\"true\"><\/i><\/a>\n\n<\/div><\/article><\/div><div class=\"visible wf-cell iso-item category-2\" data-post-id=\"56315\" data-date=\"2022-06-08T14:01:25+01:00\" data-name=\"AVION 100% ELECTRICO\"><article class=\"post project-odd visible post-56315 type-post status-publish format-standard has-post-thumbnail hentry category-sin-categorizar category-2\" data-name=\"AVION 100% ELECTRICO\" data-date=\"2022-06-08T14:01:25+01:00\">\n\n<div class=\"post-thumbnail-wrap\">\n\t<div class=\"post-thumbnail\">\n\t\t\n\t\t\n\t\t<a href=\"https:\/\/staging.barcelonaflightschool.com\/es\/2022\/06\/08\/jornada-de-puertas-abiertas\/\" class=\"post-thumbnail-rollover layzr-bg layzr-bg\" ><img class=\"iso-lazy-load preload-me iso-lazy-load\" src=\"data:image\/svg+xml,%3Csvg%20xmlns%3D&#39;http%3A%2F%2Fwww.w3.org%2F2000%2Fsvg&#39;%20viewBox%3D&#39;0%200%20768%20512&#39;%2F%3E\" data-src=\"https:\/\/staging.barcelonaflightschool.com\/wp-content\/uploads\/2022\/06\/TTP_22-de-junio-de-2022_0660-scaled-768x512.jpg\" data-srcset=\"https:\/\/staging.barcelonaflightschool.com\/wp-content\/uploads\/2022\/06\/TTP_22-de-junio-de-2022_0660-scaled-768x512.jpg 768w, https:\/\/staging.barcelonaflightschool.com\/wp-content\/uploads\/2022\/06\/TTP_22-de-junio-de-2022_0660-scaled-1152x768.jpg 1152w\" alt=\"\" title=\"Jos\u00e9 Antonio Tej\u00f3n Roca\" width=\"768\" height=\"512\"  \/><\/a>\t<\/div>\n<\/div>\n\n\n<div class=\"post-entry-content\">\n\n\t<h3 class=\"entry-title\">\n\t\t<a href=\"https:\/\/staging.barcelonaflightschool.com\/es\/2022\/06\/08\/jornada-de-puertas-abiertas\/\" title=\"AVION 100% ELECTRICO\" rel=\"bookmark\">AVION 100% ELECTRICO<\/a>\n\t<\/h3>\n\n\t<div class=\"entry-meta\"><span class=\"category-link\"><a href=\"https:\/\/staging.barcelonaflightschool.com\/es\/category\/sin-categorizar\/\" >Sin categorizar<\/a><\/span><a href=\"https:\/\/staging.barcelonaflightschool.com\/es\/2022\/06\/08\/\" title=\"2:01 pm\" class=\"data-link\" rel=\"bookmark\"><time class=\"entry-date updated\" datetime=\"2022-06-08T14:01:25+01:00\">junio 8, 2022<\/time><\/a><\/div>\n\t<div class=\"entry-excerpt\"><p>Barcelona Flight School vuelve a ser pionera de las escuelas de aviacion espa\u00f1olas con la incorporacion a su flota la primera aeronave totalmente 100% electrica, sostenible y silenciosa.<\/p>\n<\/div>\n\t\n<a href=\"https:\/\/staging.barcelonaflightschool.com\/es\/2022\/06\/08\/jornada-de-puertas-abiertas\/\" class=\"post-details details-type-link\" aria-label=\"Read more about AVION 100% ELECTRICO\">Read more<i class=\"dt-icon-the7-arrow-03\" aria-hidden=\"true\"><\/i><\/a>\n\n<\/div><\/article><\/div><\/div><!-- iso-container|iso-grid --><\/div>[\/vc_column][\/vc_row]<\/p>\n<\/section>","protected":false},"excerpt":{"rendered":"<p>[vc_row][vc_column][\/vc_column][\/vc_row]<\/p>\n","protected":false},"author":11,"featured_media":0,"parent":0,"menu_order":4,"comment_status":"closed","ping_status":"closed","template":"","meta":[],"aioseo_notices":[],"_links":{"self":[{"href":"https:\/\/staging.barcelonaflightschool.com\/es\/wp-json\/wp\/v2\/pages\/55206"}],"collection":[{"href":"https:\/\/staging.barcelonaflightschool.com\/es\/wp-json\/wp\/v2\/pages"}],"about":[{"href":"https:\/\/staging.barcelonaflightschool.com\/es\/wp-json\/wp\/v2\/types\/page"}],"author":[{"embeddable":true,"href":"https:\/\/staging.barcelonaflightschool.com\/es\/wp-json\/wp\/v2\/users\/11"}],"replies":[{"embeddable":true,"href":"https:\/\/staging.barcelonaflightschool.com\/es\/wp-json\/wp\/v2\/comments?post=55206"}],"version-history":[{"count":1,"href":"https:\/\/staging.barcelonaflightschool.com\/es\/wp-json\/wp\/v2\/pages\/55206\/revisions"}],"predecessor-version":[{"id":55207,"href":"https:\/\/staging.barcelonaflightschool.com\/es\/wp-json\/wp\/v2\/pages\/55206\/revisions\/55207"}],"wp:attachment":[{"href":"https:\/\/staging.barcelonaflightschool.com\/es\/wp-json\/wp\/v2\/media?parent=55206"}],"curies":[{"name":"wp","href":"https:\/\/api.w.org\/{rel}","templated":true}]}}